{"id":105,"date":"2023-08-22T15:13:24","date_gmt":"2023-08-22T15:13:24","guid":{"rendered":"http:\/\/www.kravmagafire.com\/?page_id=105"},"modified":"2023-08-22T15:14:46","modified_gmt":"2023-08-22T15:14:46","slug":"trainer","status":"publish","type":"page","link":"http:\/\/www.kravmagafire.com\/index.php\/de\/trainer\/","title":{"rendered":"Trainer"},"content":{"rendered":"<div id=\"pl-105\"  class=\"panel-layout\" ><div id=\"pg-105-0\"  class=\"panel-grid panel-no-style\" ><div id=\"pgc-105-0-0\"  class=\"panel-grid-cell\" ><div id=\"panel-105-0-0-0\" class=\"so-panel widget widget_sow-editor panel-first-child panel-last-child\" data-index=\"0\" ><div\n\t\t\t\n\t\t\tclass=\"so-widget-sow-editor so-widget-sow-editor-base\"\n\t\t\t\n\t\t>\n<div class=\"siteorigin-widget-tinymce textwidget\">\n\t<p>Richard Osmond ist ein lizenzierter Trainer auf Level G2. Er hat einen intensiven 180 stunden IKMF Civilian Instructor Kurs (CIC) im April 2014 unter der Leitung von Megan Cohen Berkman (Israelisch Expert Level 2) und Tamir Gilad (Expert Level 5 - Israelisch G.I.T und Head of Global IKMF Testing) absolviert.<\/p>\n<\/div>\n<\/div><\/div><\/div><\/div><div id=\"pg-105-1\"  class=\"panel-grid panel-no-style\" ><div id=\"pgc-105-1-0\"  class=\"panel-grid-cell\" ><div id=\"panel-105-1-0-0\" class=\"so-panel widget widget_sow-editor panel-first-child panel-last-child\" data-index=\"1\" ><div\n\t\t\t\n\t\t\tclass=\"so-widget-sow-editor so-widget-sow-editor-base\"\n\t\t\t\n\t\t>\n<div class=\"siteorigin-widget-tinymce textwidget\">\n\t<p><img decoding=\"async\" loading=\"lazy\" class=\"alignnone wp-image-49\" src=\"http:\/\/www.kravmagafire.com\/wp-content\/uploads\/2016\/04\/P1090809.jpg\" alt=\"\" width=\"320\" height=\"240\" \/><\/p>\n<p>Richard begann 2009 mit dem Krav Maga-Training beim IKMF (unter Jim Maidment von Essential Krav Maga), arbeitete sich durch das testingssystem und nahm sich die Zeit, Gro\u00dfbritannien und Europa zu bereisen und bei vielen verschiedenen Trainern zu trainieren. Er absolvierte 2014 den mehr als 180 Stunden dauernden IKMF Civilian Instructors-Kurs. Seit 2001 trainiert er au\u00dferdem Taekwondo im ITF-Stil und hat mehrere Jahre lang brasilianisches Jujitsu studiert.<\/p>\n<p><img decoding=\"async\" loading=\"lazy\" class=\"alignnone wp-image-59\" src=\"http:\/\/www.kravmagafire.com\/wp-content\/uploads\/2016\/04\/bunker.jpg\" alt=\"\" width=\"315\" height=\"236\" \/><\/p>\n<\/div>\n<\/div><\/div><\/div><div id=\"pgc-105-1-1\"  class=\"panel-grid-cell\" ><div id=\"panel-105-1-1-0\" class=\"so-panel widget widget_sow-editor panel-first-child panel-last-child\" data-index=\"2\" ><div\n\t\t\t\n\t\t\tclass=\"so-widget-sow-editor so-widget-sow-editor-base\"\n\t\t\t\n\t\t>\n<div class=\"siteorigin-widget-tinymce textwidget\">\n\t<p><img decoding=\"async\" loading=\"lazy\" class=\"alignnone wp-image-67\" src=\"http:\/\/www.kravmagafire.com\/wp-content\/uploads\/2016\/04\/p2-attack-e1460116405711.jpg\" alt=\"\" width=\"335\" height=\"329\" \/><\/p>\n<p>Echte Lebenserfahrung beim Reisen und Arbeiten in vielen verschiedenen Konfliktgebieten, vom Nahen Osten \u00fcber das s\u00fcdliche Afrika bis nach Nordirland.<\/p>\n<p>Bevor er nach Wien zog, unterrichtete Richard professionell als Krav Maga Trainer in Portsmouth und Chichester im Vereinigten K\u00f6nigreich.<\/p>\n<p><img decoding=\"async\" loading=\"lazy\" class=\"alignnone wp-image-47\" src=\"http:\/\/www.kravmagafire.com\/wp-content\/uploads\/2016\/04\/Krav-pool-april-2012-2-e1460102561112.jpg\" alt=\"\" width=\"341\" height=\"305\" \/><\/p>\n<\/div>\n<\/div><\/div><\/div><div id=\"pgc-105-1-2\"  class=\"panel-grid-cell\" ><div id=\"panel-105-1-2-0\" class=\"so-panel widget widget_sow-editor panel-first-child panel-last-child\" data-index=\"3\" ><div\n\t\t\t\n\t\t\tclass=\"so-widget-sow-editor so-widget-sow-editor-base\"\n\t\t\t\n\t\t>\n<div class=\"siteorigin-widget-tinymce textwidget\">\n\t<p><img decoding=\"async\" loading=\"lazy\" class=\"alignnone wp-image-30\" src=\"http:\/\/www.kravmagafire.com\/wp-content\/uploads\/2016\/04\/1621974_772192456138891_146589254_n-e1460115919945.jpg\" alt=\"\" width=\"293\" height=\"248\" \/><\/p>\n<p>Richard hat in Bussen, Flugzeugen, Br\u00fccken, Autos, Kinos, Stadien, Unterf\u00fchrungen, K\u00fcchen, im Wasser, in Milit\u00e4rbunkern, Frachtschiffen, U-Booten und fast \u00fcberall sonst trainiert und unterrichtet.<\/p>\n<p>Hat in der Sicherheitsbranche als T\u00fcrsteher und Personenschutzbeamter (Body Guard) gearbeitet. Body Guarded Academy-preisgekr\u00f6nten Schauspielern, Popstars und Politikern.<\/p>\n<p><img decoding=\"async\" loading=\"lazy\" class=\"alignnone wp-image-46\" src=\"http:\/\/www.kravmagafire.com\/wp-content\/uploads\/2016\/04\/Israel-Cohen.jpg\" alt=\"\" width=\"297\" height=\"124\" \/><\/p>\n<\/div>\n<\/div><\/div><\/div><\/div><\/div>","protected":false},"excerpt":{"rendered":"<p>Richard Osmond ist ein lizenzierter Trainer auf Level G2. Er hat einen intensiven 180 stunden IKMF Civilian Instructor Kurs (CIC) im April 2014 unter der Leitung von Megan Cohen Berkman (Israelisch Expert Level 2) und Tamir Gilad (Expert Level 5 &#8211; Israelisch G.I.T und Head of Global IKMF Testing) absolviert. Richard begann 2009 mit dem [&hellip;]<\/p>\n","protected":false},"author":1,"featured_media":0,"parent":0,"menu_order":0,"comment_status":"closed","ping_status":"closed","template":"","meta":{"footnotes":""},"_links":{"self":[{"href":"http:\/\/www.kravmagafire.com\/index.php\/wp-json\/wp\/v2\/pages\/105"}],"collection":[{"href":"http:\/\/www.kravmagafire.com\/index.php\/wp-json\/wp\/v2\/pages"}],"about":[{"href":"http:\/\/www.kravmagafire.com\/index.php\/wp-json\/wp\/v2\/types\/page"}],"author":[{"embeddable":true,"href":"http:\/\/www.kravmagafire.com\/index.php\/wp-json\/wp\/v2\/users\/1"}],"replies":[{"embeddable":true,"href":"http:\/\/www.kravmagafire.com\/index.php\/wp-json\/wp\/v2\/comments?post=105"}],"version-history":[{"count":1,"href":"http:\/\/www.kravmagafire.com\/index.php\/wp-json\/wp\/v2\/pages\/105\/revisions"}],"predecessor-version":[{"id":107,"href":"http:\/\/www.kravmagafire.com\/index.php\/wp-json\/wp\/v2\/pages\/105\/revisions\/107"}],"wp:attachment":[{"href":"http:\/\/www.kravmagafire.com\/index.php\/wp-json\/wp\/v2\/media?parent=105"}],"curies":[{"name":"wp","href":"https:\/\/api.w.org\/{rel}","templated":true}]}}